{"id":636,"date":"2022-11-15T10:16:21","date_gmt":"2022-11-15T09:16:21","guid":{"rendered":"https:\/\/www.lili.cool\/?page_id=636"},"modified":"2025-12-09T11:40:57","modified_gmt":"2025-12-09T10:40:57","slug":"lespetitschampionsdelalecture","status":"publish","type":"page","link":"https:\/\/www.lili.cool\/fr\/lespetitschampionsdelalecture\/","title":{"rendered":"Les Petits Champions de la Lecture"},"content":{"rendered":"","protected":false},"excerpt":{"rendered":"","protected":false},"author":1,"featured_media":0,"parent":0,"menu_order":0,"comment_status":"closed","ping_status":"closed","template":"tpl\/pcl.php","meta":{"inline_featured_image":false,"footnotes":""},"class_list":["post-636","page","type-page","status-publish","hentry"],"acf":[],"yoast_head":"<!-- This site is optimized with the Yoast SEO plugin v27.4 - https:\/\/yoast.com\/product\/yoast-seo-wordpress\/ -->\n<title>Les Petits Champions de la Lecture - LILI, l&#039;appli audio et la formation pour faire grandir la confiance des 3-15 ans \u00e0 l&#039;\u00e9cole, en p\u00e9riscolaire et \u00e0 la maison<\/title>\n<meta name=\"description\" content=\"Apprenez \u00e0 vos \u00e9l\u00e8ves \u00e0 bien lire \u00e0 voix haute gr\u00e2ce \u00e0 des ateliers et des guides de s\u00e9ance offerts sur la lecture \u00e0 voix haute. Lili et les Petits champions de la Lecture sont partenaires pour faire de l\u2019oral un levier de la r\u00e9ussite de chaque enfant ! Ils partagent la m\u00eame volont\u00e9 de d\u00e9velopper l\u2019aisance \u00e0 l\u2019oral des enfants d\u00e8s le plus jeune \u00e2ge.\" \/>\n<meta name=\"robots\" content=\"index, follow, max-snippet:-1, max-image-preview:large, max-video-preview:-1\" \/>\n<link rel=\"canonical\" href=\"https:\/\/www.lili.cool\/fr\/lespetitschampionsdelalecture\/\" \/>\n<meta property=\"og:locale\" content=\"fr_FR\" \/>\n<meta property=\"og:type\" content=\"article\" \/>\n<meta property=\"og:title\" content=\"Les Petits Champions de la Lecture - LILI, l&#039;appli audio et la formation pour faire grandir la confiance des 3-15 ans \u00e0 l&#039;\u00e9cole, en p\u00e9riscolaire et \u00e0 la maison\" \/>\n<meta property=\"og:description\" content=\"Apprenez \u00e0 vos \u00e9l\u00e8ves \u00e0 bien lire \u00e0 voix haute gr\u00e2ce \u00e0 des ateliers et des guides de s\u00e9ance offerts sur la lecture \u00e0 voix haute. Lili et les Petits champions de la Lecture sont partenaires pour faire de l\u2019oral un levier de la r\u00e9ussite de chaque enfant ! Ils partagent la m\u00eame volont\u00e9 de d\u00e9velopper l\u2019aisance \u00e0 l\u2019oral des enfants d\u00e8s le plus jeune \u00e2ge.\" \/>\n<meta property=\"og:url\" content=\"https:\/\/www.lili.cool\/fr\/lespetitschampionsdelalecture\/\" \/>\n<meta property=\"og:site_name\" content=\"LILI, l&#039;appli audio et la formation pour faire grandir la confiance des 3-15 ans \u00e0 l&#039;\u00e9cole, en p\u00e9riscolaire et \u00e0 la maison\" \/>\n<meta property=\"article:publisher\" content=\"https:\/\/www.facebook.com\/lilicoolapp\/\" \/>\n<meta property=\"article:modified_time\" content=\"2025-12-09T10:40:57+00:00\" \/>\n<meta property=\"og:image\" content=\"https:\/\/www.lili.cool\/wp-content\/uploads\/logo-lili-cool.png\" \/>\n\t<meta property=\"og:image:width\" content=\"320\" \/>\n\t<meta property=\"og:image:height\" content=\"372\" \/>\n\t<meta property=\"og:image:type\" content=\"image\/png\" \/>\n<meta name=\"twitter:card\" content=\"summary_large_image\" \/>\n<script type=\"application\/ld+json\" class=\"yoast-schema-graph\">{\"@context\":\"https:\\\/\\\/schema.org\",\"@graph\":[{\"@type\":\"WebPage\",\"@id\":\"https:\\\/\\\/www.lili.cool\\\/fr\\\/lespetitschampionsdelalecture\\\/\",\"url\":\"https:\\\/\\\/www.lili.cool\\\/fr\\\/lespetitschampionsdelalecture\\\/\",\"name\":\"Les Petits Champions de la Lecture - LILI, l&#039;appli audio et la formation pour faire grandir la confiance des 3-15 ans \u00e0 l&#039;\u00e9cole, en p\u00e9riscolaire et \u00e0 la maison\",\"isPartOf\":{\"@id\":\"https:\\\/\\\/www.lili.cool\\\/fr\\\/#website\"},\"datePublished\":\"2022-11-15T09:16:21+00:00\",\"dateModified\":\"2025-12-09T10:40:57+00:00\",\"description\":\"Apprenez \u00e0 vos \u00e9l\u00e8ves \u00e0 bien lire \u00e0 voix haute gr\u00e2ce \u00e0 des ateliers et des guides de s\u00e9ance offerts sur la lecture \u00e0 voix haute. Lili et les Petits champions de la Lecture sont partenaires pour faire de l\u2019oral un levier de la r\u00e9ussite de chaque enfant ! Ils partagent la m\u00eame volont\u00e9 de d\u00e9velopper l\u2019aisance \u00e0 l\u2019oral des enfants d\u00e8s le plus jeune \u00e2ge.\",\"breadcrumb\":{\"@id\":\"https:\\\/\\\/www.lili.cool\\\/fr\\\/lespetitschampionsdelalecture\\\/#breadcrumb\"},\"inLanguage\":\"fr-FR\",\"potentialAction\":[{\"@type\":\"ReadAction\",\"target\":[\"https:\\\/\\\/www.lili.cool\\\/fr\\\/lespetitschampionsdelalecture\\\/\"]}]},{\"@type\":\"BreadcrumbList\",\"@id\":\"https:\\\/\\\/www.lili.cool\\\/fr\\\/lespetitschampionsdelalecture\\\/#breadcrumb\",\"itemListElement\":[{\"@type\":\"ListItem\",\"position\":1,\"name\":\"Accueil\",\"item\":\"https:\\\/\\\/www.lili.cool\\\/fr\\\/\"},{\"@type\":\"ListItem\",\"position\":2,\"name\":\"Les Petits Champions de la Lecture\"}]},{\"@type\":\"WebSite\",\"@id\":\"https:\\\/\\\/www.lili.cool\\\/fr\\\/#website\",\"url\":\"https:\\\/\\\/www.lili.cool\\\/fr\\\/\",\"name\":\"LILI, l&#039;appli audio et la formation pour faire grandir la confiance des 3-15 ans \u00e0 l&#039;\u00e9cole, en p\u00e9riscolaire et \u00e0 la maison\",\"description\":\"Faire grandir la confiance et le vivre-ensemble\",\"publisher\":{\"@id\":\"https:\\\/\\\/www.lili.cool\\\/fr\\\/#organization\"},\"potentialAction\":[{\"@type\":\"SearchAction\",\"target\":{\"@type\":\"EntryPoint\",\"urlTemplate\":\"https:\\\/\\\/www.lili.cool\\\/fr\\\/?s={search_term_string}\"},\"query-input\":{\"@type\":\"PropertyValueSpecification\",\"valueRequired\":true,\"valueName\":\"search_term_string\"}}],\"inLanguage\":\"fr-FR\"},{\"@type\":\"Organization\",\"@id\":\"https:\\\/\\\/www.lili.cool\\\/fr\\\/#organization\",\"name\":\"LILI SAS\",\"url\":\"https:\\\/\\\/www.lili.cool\\\/fr\\\/\",\"logo\":{\"@type\":\"ImageObject\",\"inLanguage\":\"fr-FR\",\"@id\":\"https:\\\/\\\/www.lili.cool\\\/fr\\\/#\\\/schema\\\/logo\\\/image\\\/\",\"url\":\"https:\\\/\\\/www.lili.cool\\\/wp-content\\\/uploads\\\/logo-lili-cool.png\",\"contentUrl\":\"https:\\\/\\\/www.lili.cool\\\/wp-content\\\/uploads\\\/logo-lili-cool.png\",\"width\":320,\"height\":372,\"caption\":\"LILI SAS\"},\"image\":{\"@id\":\"https:\\\/\\\/www.lili.cool\\\/fr\\\/#\\\/schema\\\/logo\\\/image\\\/\"},\"sameAs\":[\"https:\\\/\\\/www.facebook.com\\\/lilicoolapp\\\/\",\"https:\\\/\\\/www.linkedin.com\\\/company\\\/lili-cool-app\\\/\",\"https:\\\/\\\/www.instagram.com\\\/lili.cool.app\\\/\"]}]}<\/script>\n<!-- \/ Yoast SEO plugin. -->","yoast_head_json":{"title":"Les Petits Champions de la Lecture - LILI, l&#039;appli audio et la formation pour faire grandir la confiance des 3-15 ans \u00e0 l&#039;\u00e9cole, en p\u00e9riscolaire et \u00e0 la maison","description":"Apprenez \u00e0 vos \u00e9l\u00e8ves \u00e0 bien lire \u00e0 voix haute gr\u00e2ce \u00e0 des ateliers et des guides de s\u00e9ance offerts sur la lecture \u00e0 voix haute. Lili et les Petits champions de la Lecture sont partenaires pour faire de l\u2019oral un levier de la r\u00e9ussite de chaque enfant ! Ils partagent la m\u00eame volont\u00e9 de d\u00e9velopper l\u2019aisance \u00e0 l\u2019oral des enfants d\u00e8s le plus jeune \u00e2ge.","robots":{"index":"index","follow":"follow","max-snippet":"max-snippet:-1","max-image-preview":"max-image-preview:large","max-video-preview":"max-video-preview:-1"},"canonical":"https:\/\/www.lili.cool\/fr\/lespetitschampionsdelalecture\/","og_locale":"fr_FR","og_type":"article","og_title":"Les Petits Champions de la Lecture - LILI, l&#039;appli audio et la formation pour faire grandir la confiance des 3-15 ans \u00e0 l&#039;\u00e9cole, en p\u00e9riscolaire et \u00e0 la maison","og_description":"Apprenez \u00e0 vos \u00e9l\u00e8ves \u00e0 bien lire \u00e0 voix haute gr\u00e2ce \u00e0 des ateliers et des guides de s\u00e9ance offerts sur la lecture \u00e0 voix haute. Lili et les Petits champions de la Lecture sont partenaires pour faire de l\u2019oral un levier de la r\u00e9ussite de chaque enfant ! Ils partagent la m\u00eame volont\u00e9 de d\u00e9velopper l\u2019aisance \u00e0 l\u2019oral des enfants d\u00e8s le plus jeune \u00e2ge.","og_url":"https:\/\/www.lili.cool\/fr\/lespetitschampionsdelalecture\/","og_site_name":"LILI, l&#039;appli audio et la formation pour faire grandir la confiance des 3-15 ans \u00e0 l&#039;\u00e9cole, en p\u00e9riscolaire et \u00e0 la maison","article_publisher":"https:\/\/www.facebook.com\/lilicoolapp\/","article_modified_time":"2025-12-09T10:40:57+00:00","og_image":[{"width":320,"height":372,"url":"https:\/\/www.lili.cool\/wp-content\/uploads\/logo-lili-cool.png","type":"image\/png"}],"twitter_card":"summary_large_image","schema":{"@context":"https:\/\/schema.org","@graph":[{"@type":"WebPage","@id":"https:\/\/www.lili.cool\/fr\/lespetitschampionsdelalecture\/","url":"https:\/\/www.lili.cool\/fr\/lespetitschampionsdelalecture\/","name":"Les Petits Champions de la Lecture - LILI, l&#039;appli audio et la formation pour faire grandir la confiance des 3-15 ans \u00e0 l&#039;\u00e9cole, en p\u00e9riscolaire et \u00e0 la maison","isPartOf":{"@id":"https:\/\/www.lili.cool\/fr\/#website"},"datePublished":"2022-11-15T09:16:21+00:00","dateModified":"2025-12-09T10:40:57+00:00","description":"Apprenez \u00e0 vos \u00e9l\u00e8ves \u00e0 bien lire \u00e0 voix haute gr\u00e2ce \u00e0 des ateliers et des guides de s\u00e9ance offerts sur la lecture \u00e0 voix haute. Lili et les Petits champions de la Lecture sont partenaires pour faire de l\u2019oral un levier de la r\u00e9ussite de chaque enfant ! Ils partagent la m\u00eame volont\u00e9 de d\u00e9velopper l\u2019aisance \u00e0 l\u2019oral des enfants d\u00e8s le plus jeune \u00e2ge.","breadcrumb":{"@id":"https:\/\/www.lili.cool\/fr\/lespetitschampionsdelalecture\/#breadcrumb"},"inLanguage":"fr-FR","potentialAction":[{"@type":"ReadAction","target":["https:\/\/www.lili.cool\/fr\/lespetitschampionsdelalecture\/"]}]},{"@type":"BreadcrumbList","@id":"https:\/\/www.lili.cool\/fr\/lespetitschampionsdelalecture\/#breadcrumb","itemListElement":[{"@type":"ListItem","position":1,"name":"Accueil","item":"https:\/\/www.lili.cool\/fr\/"},{"@type":"ListItem","position":2,"name":"Les Petits Champions de la Lecture"}]},{"@type":"WebSite","@id":"https:\/\/www.lili.cool\/fr\/#website","url":"https:\/\/www.lili.cool\/fr\/","name":"LILI, l&#039;appli audio et la formation pour faire grandir la confiance des 3-15 ans \u00e0 l&#039;\u00e9cole, en p\u00e9riscolaire et \u00e0 la maison","description":"Faire grandir la confiance et le vivre-ensemble","publisher":{"@id":"https:\/\/www.lili.cool\/fr\/#organization"},"potentialAction":[{"@type":"SearchAction","target":{"@type":"EntryPoint","urlTemplate":"https:\/\/www.lili.cool\/fr\/?s={search_term_string}"},"query-input":{"@type":"PropertyValueSpecification","valueRequired":true,"valueName":"search_term_string"}}],"inLanguage":"fr-FR"},{"@type":"Organization","@id":"https:\/\/www.lili.cool\/fr\/#organization","name":"LILI SAS","url":"https:\/\/www.lili.cool\/fr\/","logo":{"@type":"ImageObject","inLanguage":"fr-FR","@id":"https:\/\/www.lili.cool\/fr\/#\/schema\/logo\/image\/","url":"https:\/\/www.lili.cool\/wp-content\/uploads\/logo-lili-cool.png","contentUrl":"https:\/\/www.lili.cool\/wp-content\/uploads\/logo-lili-cool.png","width":320,"height":372,"caption":"LILI SAS"},"image":{"@id":"https:\/\/www.lili.cool\/fr\/#\/schema\/logo\/image\/"},"sameAs":["https:\/\/www.facebook.com\/lilicoolapp\/","https:\/\/www.linkedin.com\/company\/lili-cool-app\/","https:\/\/www.instagram.com\/lili.cool.app\/"]}]}},"_links":{"self":[{"href":"https:\/\/www.lili.cool\/fr\/wp-json\/wp\/v2\/pages\/636","targetHints":{"allow":["GET"]}}],"collection":[{"href":"https:\/\/www.lili.cool\/fr\/wp-json\/wp\/v2\/pages"}],"about":[{"href":"https:\/\/www.lili.cool\/fr\/wp-json\/wp\/v2\/types\/page"}],"author":[{"embeddable":true,"href":"https:\/\/www.lili.cool\/fr\/wp-json\/wp\/v2\/users\/1"}],"replies":[{"embeddable":true,"href":"https:\/\/www.lili.cool\/fr\/wp-json\/wp\/v2\/comments?post=636"}],"version-history":[{"count":46,"href":"https:\/\/www.lili.cool\/fr\/wp-json\/wp\/v2\/pages\/636\/revisions"}],"predecessor-version":[{"id":4445,"href":"https:\/\/www.lili.cool\/fr\/wp-json\/wp\/v2\/pages\/636\/revisions\/4445"}],"wp:attachment":[{"href":"https:\/\/www.lili.cool\/fr\/wp-json\/wp\/v2\/media?parent=636"}],"curies":[{"name":"wp","href":"https:\/\/api.w.org\/{rel}","templated":true}]}}