{"id":1180,"date":"2023-03-31T21:53:06","date_gmt":"2023-03-31T19:53:06","guid":{"rendered":"https:\/\/www.lili.cool\/?page_id=1180"},"modified":"2026-02-04T10:09:15","modified_gmt":"2026-02-04T09:09:15","slug":"notre-ecole-faisons-la-ensemble-avec-lili","status":"publish","type":"page","link":"https:\/\/www.lili.cool\/fr\/notre-ecole-faisons-la-ensemble-avec-lili\/","title":{"rendered":"Notre \u00e9cole faisons-la ensemble avec Lili"},"content":{"rendered":"","protected":false},"excerpt":{"rendered":"","protected":false},"author":1,"featured_media":0,"parent":0,"menu_order":0,"comment_status":"closed","ping_status":"closed","template":"tpl\/NEFE.php","meta":{"inline_featured_image":false,"footnotes":""},"class_list":["post-1180","page","type-page","status-publish","hentry"],"acf":[],"yoast_head":"<!-- This site is optimized with the Yoast SEO plugin v27.3 - https:\/\/yoast.com\/product\/yoast-seo-wordpress\/ -->\n<title>Notre \u00e9cole faisons-la ensemble avec Lili - LILI, l&#039;appli audio et la formation pour faire grandir la confiance des 3-15 ans \u00e0 l&#039;\u00e9cole, en p\u00e9riscolaire et \u00e0 la maison<\/title>\n<meta name=\"robots\" content=\"index, follow, max-snippet:-1, max-image-preview:large, max-video-preview:-1\" \/>\n<link rel=\"canonical\" href=\"https:\/\/www.lili.cool\/fr\/notre-ecole-faisons-la-ensemble-avec-lili\/\" \/>\n<meta property=\"og:locale\" content=\"fr_FR\" \/>\n<meta property=\"og:type\" content=\"article\" \/>\n<meta property=\"og:title\" content=\"Notre \u00e9cole faisons-la ensemble avec Lili - LILI, l&#039;appli audio et la formation pour faire grandir la confiance des 3-15 ans \u00e0 l&#039;\u00e9cole, en p\u00e9riscolaire et \u00e0 la maison\" \/>\n<meta property=\"og:url\" content=\"https:\/\/www.lili.cool\/fr\/notre-ecole-faisons-la-ensemble-avec-lili\/\" \/>\n<meta property=\"og:site_name\" content=\"LILI, l&#039;appli audio et la formation pour faire grandir la confiance des 3-15 ans \u00e0 l&#039;\u00e9cole, en p\u00e9riscolaire et \u00e0 la maison\" \/>\n<meta property=\"article:publisher\" content=\"https:\/\/www.facebook.com\/lilicoolapp\/\" \/>\n<meta property=\"article:modified_time\" content=\"2026-02-04T09:09:15+00:00\" \/>\n<meta property=\"og:image\" content=\"https:\/\/www.lili.cool\/wp-content\/uploads\/logo-lili-cool.png\" \/>\n\t<meta property=\"og:image:width\" content=\"320\" \/>\n\t<meta property=\"og:image:height\" content=\"372\" \/>\n\t<meta property=\"og:image:type\" content=\"image\/png\" \/>\n<meta name=\"twitter:card\" content=\"summary_large_image\" \/>\n<script type=\"application\/ld+json\" class=\"yoast-schema-graph\">{\"@context\":\"https:\\\/\\\/schema.org\",\"@graph\":[{\"@type\":\"WebPage\",\"@id\":\"https:\\\/\\\/www.lili.cool\\\/fr\\\/notre-ecole-faisons-la-ensemble-avec-lili\\\/\",\"url\":\"https:\\\/\\\/www.lili.cool\\\/fr\\\/notre-ecole-faisons-la-ensemble-avec-lili\\\/\",\"name\":\"Notre \u00e9cole faisons-la ensemble avec Lili - LILI, l&#039;appli audio et la formation pour faire grandir la confiance des 3-15 ans \u00e0 l&#039;\u00e9cole, en p\u00e9riscolaire et \u00e0 la maison\",\"isPartOf\":{\"@id\":\"https:\\\/\\\/www.lili.cool\\\/fr\\\/#website\"},\"datePublished\":\"2023-03-31T19:53:06+00:00\",\"dateModified\":\"2026-02-04T09:09:15+00:00\",\"breadcrumb\":{\"@id\":\"https:\\\/\\\/www.lili.cool\\\/fr\\\/notre-ecole-faisons-la-ensemble-avec-lili\\\/#breadcrumb\"},\"inLanguage\":\"fr-FR\",\"potentialAction\":[{\"@type\":\"ReadAction\",\"target\":[\"https:\\\/\\\/www.lili.cool\\\/fr\\\/notre-ecole-faisons-la-ensemble-avec-lili\\\/\"]}]},{\"@type\":\"BreadcrumbList\",\"@id\":\"https:\\\/\\\/www.lili.cool\\\/fr\\\/notre-ecole-faisons-la-ensemble-avec-lili\\\/#breadcrumb\",\"itemListElement\":[{\"@type\":\"ListItem\",\"position\":1,\"name\":\"Accueil\",\"item\":\"https:\\\/\\\/www.lili.cool\\\/fr\\\/\"},{\"@type\":\"ListItem\",\"position\":2,\"name\":\"Notre \u00e9cole faisons-la ensemble avec Lili\"}]},{\"@type\":\"WebSite\",\"@id\":\"https:\\\/\\\/www.lili.cool\\\/fr\\\/#website\",\"url\":\"https:\\\/\\\/www.lili.cool\\\/fr\\\/\",\"name\":\"LILI, l&#039;appli audio et la formation pour faire grandir la confiance des 3-15 ans \u00e0 l&#039;\u00e9cole, en p\u00e9riscolaire et \u00e0 la maison\",\"description\":\"Faire grandir la confiance et le vivre-ensemble\",\"publisher\":{\"@id\":\"https:\\\/\\\/www.lili.cool\\\/fr\\\/#organization\"},\"potentialAction\":[{\"@type\":\"SearchAction\",\"target\":{\"@type\":\"EntryPoint\",\"urlTemplate\":\"https:\\\/\\\/www.lili.cool\\\/fr\\\/?s={search_term_string}\"},\"query-input\":{\"@type\":\"PropertyValueSpecification\",\"valueRequired\":true,\"valueName\":\"search_term_string\"}}],\"inLanguage\":\"fr-FR\"},{\"@type\":\"Organization\",\"@id\":\"https:\\\/\\\/www.lili.cool\\\/fr\\\/#organization\",\"name\":\"LILI SAS\",\"url\":\"https:\\\/\\\/www.lili.cool\\\/fr\\\/\",\"logo\":{\"@type\":\"ImageObject\",\"inLanguage\":\"fr-FR\",\"@id\":\"https:\\\/\\\/www.lili.cool\\\/fr\\\/#\\\/schema\\\/logo\\\/image\\\/\",\"url\":\"https:\\\/\\\/www.lili.cool\\\/wp-content\\\/uploads\\\/logo-lili-cool.png\",\"contentUrl\":\"https:\\\/\\\/www.lili.cool\\\/wp-content\\\/uploads\\\/logo-lili-cool.png\",\"width\":320,\"height\":372,\"caption\":\"LILI SAS\"},\"image\":{\"@id\":\"https:\\\/\\\/www.lili.cool\\\/fr\\\/#\\\/schema\\\/logo\\\/image\\\/\"},\"sameAs\":[\"https:\\\/\\\/www.facebook.com\\\/lilicoolapp\\\/\",\"https:\\\/\\\/www.linkedin.com\\\/company\\\/lili-cool-app\\\/\",\"https:\\\/\\\/www.instagram.com\\\/lili.cool.app\\\/\"]}]}<\/script>\n<!-- \/ Yoast SEO plugin. -->","yoast_head_json":{"title":"Notre \u00e9cole faisons-la ensemble avec Lili - LILI, l&#039;appli audio et la formation pour faire grandir la confiance des 3-15 ans \u00e0 l&#039;\u00e9cole, en p\u00e9riscolaire et \u00e0 la maison","robots":{"index":"index","follow":"follow","max-snippet":"max-snippet:-1","max-image-preview":"max-image-preview:large","max-video-preview":"max-video-preview:-1"},"canonical":"https:\/\/www.lili.cool\/fr\/notre-ecole-faisons-la-ensemble-avec-lili\/","og_locale":"fr_FR","og_type":"article","og_title":"Notre \u00e9cole faisons-la ensemble avec Lili - LILI, l&#039;appli audio et la formation pour faire grandir la confiance des 3-15 ans \u00e0 l&#039;\u00e9cole, en p\u00e9riscolaire et \u00e0 la maison","og_url":"https:\/\/www.lili.cool\/fr\/notre-ecole-faisons-la-ensemble-avec-lili\/","og_site_name":"LILI, l&#039;appli audio et la formation pour faire grandir la confiance des 3-15 ans \u00e0 l&#039;\u00e9cole, en p\u00e9riscolaire et \u00e0 la maison","article_publisher":"https:\/\/www.facebook.com\/lilicoolapp\/","article_modified_time":"2026-02-04T09:09:15+00:00","og_image":[{"width":320,"height":372,"url":"https:\/\/www.lili.cool\/wp-content\/uploads\/logo-lili-cool.png","type":"image\/png"}],"twitter_card":"summary_large_image","schema":{"@context":"https:\/\/schema.org","@graph":[{"@type":"WebPage","@id":"https:\/\/www.lili.cool\/fr\/notre-ecole-faisons-la-ensemble-avec-lili\/","url":"https:\/\/www.lili.cool\/fr\/notre-ecole-faisons-la-ensemble-avec-lili\/","name":"Notre \u00e9cole faisons-la ensemble avec Lili - LILI, l&#039;appli audio et la formation pour faire grandir la confiance des 3-15 ans \u00e0 l&#039;\u00e9cole, en p\u00e9riscolaire et \u00e0 la maison","isPartOf":{"@id":"https:\/\/www.lili.cool\/fr\/#website"},"datePublished":"2023-03-31T19:53:06+00:00","dateModified":"2026-02-04T09:09:15+00:00","breadcrumb":{"@id":"https:\/\/www.lili.cool\/fr\/notre-ecole-faisons-la-ensemble-avec-lili\/#breadcrumb"},"inLanguage":"fr-FR","potentialAction":[{"@type":"ReadAction","target":["https:\/\/www.lili.cool\/fr\/notre-ecole-faisons-la-ensemble-avec-lili\/"]}]},{"@type":"BreadcrumbList","@id":"https:\/\/www.lili.cool\/fr\/notre-ecole-faisons-la-ensemble-avec-lili\/#breadcrumb","itemListElement":[{"@type":"ListItem","position":1,"name":"Accueil","item":"https:\/\/www.lili.cool\/fr\/"},{"@type":"ListItem","position":2,"name":"Notre \u00e9cole faisons-la ensemble avec Lili"}]},{"@type":"WebSite","@id":"https:\/\/www.lili.cool\/fr\/#website","url":"https:\/\/www.lili.cool\/fr\/","name":"LILI, l&#039;appli audio et la formation pour faire grandir la confiance des 3-15 ans \u00e0 l&#039;\u00e9cole, en p\u00e9riscolaire et \u00e0 la maison","description":"Faire grandir la confiance et le vivre-ensemble","publisher":{"@id":"https:\/\/www.lili.cool\/fr\/#organization"},"potentialAction":[{"@type":"SearchAction","target":{"@type":"EntryPoint","urlTemplate":"https:\/\/www.lili.cool\/fr\/?s={search_term_string}"},"query-input":{"@type":"PropertyValueSpecification","valueRequired":true,"valueName":"search_term_string"}}],"inLanguage":"fr-FR"},{"@type":"Organization","@id":"https:\/\/www.lili.cool\/fr\/#organization","name":"LILI SAS","url":"https:\/\/www.lili.cool\/fr\/","logo":{"@type":"ImageObject","inLanguage":"fr-FR","@id":"https:\/\/www.lili.cool\/fr\/#\/schema\/logo\/image\/","url":"https:\/\/www.lili.cool\/wp-content\/uploads\/logo-lili-cool.png","contentUrl":"https:\/\/www.lili.cool\/wp-content\/uploads\/logo-lili-cool.png","width":320,"height":372,"caption":"LILI SAS"},"image":{"@id":"https:\/\/www.lili.cool\/fr\/#\/schema\/logo\/image\/"},"sameAs":["https:\/\/www.facebook.com\/lilicoolapp\/","https:\/\/www.linkedin.com\/company\/lili-cool-app\/","https:\/\/www.instagram.com\/lili.cool.app\/"]}]}},"_links":{"self":[{"href":"https:\/\/www.lili.cool\/fr\/wp-json\/wp\/v2\/pages\/1180","targetHints":{"allow":["GET"]}}],"collection":[{"href":"https:\/\/www.lili.cool\/fr\/wp-json\/wp\/v2\/pages"}],"about":[{"href":"https:\/\/www.lili.cool\/fr\/wp-json\/wp\/v2\/types\/page"}],"author":[{"embeddable":true,"href":"https:\/\/www.lili.cool\/fr\/wp-json\/wp\/v2\/users\/1"}],"replies":[{"embeddable":true,"href":"https:\/\/www.lili.cool\/fr\/wp-json\/wp\/v2\/comments?post=1180"}],"version-history":[{"count":75,"href":"https:\/\/www.lili.cool\/fr\/wp-json\/wp\/v2\/pages\/1180\/revisions"}],"predecessor-version":[{"id":4626,"href":"https:\/\/www.lili.cool\/fr\/wp-json\/wp\/v2\/pages\/1180\/revisions\/4626"}],"wp:attachment":[{"href":"https:\/\/www.lili.cool\/fr\/wp-json\/wp\/v2\/media?parent=1180"}],"curies":[{"name":"wp","href":"https:\/\/api.w.org\/{rel}","templated":true}]}}